{"id":229,"date":"2019-11-17T15:13:16","date_gmt":"2019-11-17T15:13:16","guid":{"rendered":"http:\/\/gerhard-euler.de\/?page_id=229"},"modified":"2019-11-28T15:19:21","modified_gmt":"2019-11-28T15:19:21","slug":"holz","status":"publish","type":"page","link":"https:\/\/gerhard-euler.de\/?page_id=229","title":{"rendered":"Holz"},"content":{"rendered":"<div id=\"pl-229\"  class=\"panel-layout\" ><div id=\"pg-229-0\"  class=\"panel-grid panel-no-style\" ><div id=\"pgc-229-0-0\"  class=\"panel-grid-cell\" ><div id=\"panel-229-0-0-0\" class=\"widget_text so-panel widget widget_custom_html panel-first-child panel-last-child\" data-index=\"0\" ><div class=\"textwidget custom-html-widget\"><hr\/><\/div><\/div><\/div><\/div><div id=\"pg-229-1\"  class=\"panel-grid panel-no-style\" ><div id=\"pgc-229-1-0\"  class=\"panel-grid-cell\" ><div id=\"panel-229-1-0-0\" class=\"so-panel widget widget_text panel-first-child\" data-index=\"1\" >\t\t\t<div class=\"textwidget\"><p><img loading=\"lazy\" decoding=\"async\" class=\"alignnone wp-image-230\" src=\"https:\/\/gerhard-euler.de\/wp-content\/uploads\/2019\/11\/Material_hartes_Holz-300x116.jpg\" alt=\"\" width=\"284\" height=\"110\" srcset=\"https:\/\/gerhard-euler.de\/wp-content\/uploads\/2019\/11\/Material_hartes_Holz-300x116.jpg 300w, https:\/\/gerhard-euler.de\/wp-content\/uploads\/2019\/11\/Material_hartes_Holz-1024x397.jpg 1024w, https:\/\/gerhard-euler.de\/wp-content\/uploads\/2019\/11\/Material_hartes_Holz-768x298.jpg 768w, https:\/\/gerhard-euler.de\/wp-content\/uploads\/2019\/11\/Material_hartes_Holz-150x58.jpg 150w, https:\/\/gerhard-euler.de\/wp-content\/uploads\/2019\/11\/Material_hartes_Holz-250x97.jpg 250w, https:\/\/gerhard-euler.de\/wp-content\/uploads\/2019\/11\/Material_hartes_Holz.jpg 1512w\" sizes=\"auto, (max-width: 284px) 100vw, 284px\" \/><\/p>\n<p><em><strong>Historische Eiche<\/strong><\/em><\/p>\n<p>Die Eichenbalken (Spolien) welche in der Kunst Gerhard Eulers Verwendung finden, stammen von einem Geb\u00e4ude aus der Gro\u00dfalmeroder Stra\u00dfe 3 im Ortsteil Rommerode. Das Haus wurde im Jahr 1754 gebaut und von den Familien R\u00f6hling, Wilhelmsen und danach noch von f\u00fcnf weiteren bewohnt.<br \/>\nVon 1945 bis 1973 befand sich hier die Poststelle von Rommerode.<br \/>\nDie damaligen Bewohner waren Konrad Wolf mit Ehefrau Minna, verwittwete Hepp, geborene Heerich und Familie Willi M\u00f6ller samt Ehefrau Anni, geborene Hepp.<\/p>\n<p>Das Geb\u00e4ude wurde 1976 umgebaut und aus den ausgebauten Eichenbalken hat sich die Familie M\u00f6ller ein kleines Gartenh\u00e4uschen am R\u00f6sberg gebaut. Dieses mu\u00dfte aber etwas sp\u00e4ter aus rechtlichen- und landschaftsschutzgr\u00fcnden wieder abgerissen werden.<br \/>\nDie Balken lagen seitdem auf dem Grundst\u00fcck im Freien.<br \/>\nAllen Witterungsverh\u00e4ltnissen ausgesetzt.<\/p>\n<p>Zum Teil etwas morsch, zum Teil enorm ausgeh\u00e4rtet mu\u00df sich der K\u00fcnstler sehr mit den Jahrhunderte alten Balken auseinander setzen, sie erkunden, die Form, die Figur sehen die in ihnen steckt und sie frei legen.<\/p>\n<\/div>\n\t\t<\/div><div id=\"panel-229-1-0-1\" class=\"so-panel widget widget_media_image panel-last-child\" data-index=\"2\" ><img loading=\"lazy\" decoding=\"async\" width=\"800\" height=\"450\" src=\"https:\/\/gerhard-euler.de\/wp-content\/uploads\/2019\/11\/Material_Rohholz-1024x576.jpg\" class=\"image wp-image-231  attachment-large size-large\" alt=\"\" style=\"max-width: 100%; height: auto;\" srcset=\"https:\/\/gerhard-euler.de\/wp-content\/uploads\/2019\/11\/Material_Rohholz-1024x576.jpg 1024w, https:\/\/gerhard-euler.de\/wp-content\/uploads\/2019\/11\/Material_Rohholz-300x169.jpg 300w, https:\/\/gerhard-euler.de\/wp-content\/uploads\/2019\/11\/Material_Rohholz-768x432.jpg 768w, https:\/\/gerhard-euler.de\/wp-content\/uploads\/2019\/11\/Material_Rohholz-150x84.jpg 150w, https:\/\/gerhard-euler.de\/wp-content\/uploads\/2019\/11\/Material_Rohholz-250x141.jpg 250w, https:\/\/gerhard-euler.de\/wp-content\/uploads\/2019\/11\/Material_Rohholz.jpg 1500w\" sizes=\"auto, (max-width: 800px) 100vw, 800px\" \/><\/div><\/div><\/div><div id=\"pg-229-2\"  class=\"panel-grid panel-no-style\" ><div id=\"pgc-229-2-0\"  class=\"panel-grid-cell\" ><div id=\"panel-229-2-0-0\" class=\"widget_text so-panel widget widget_custom_html panel-first-child panel-last-child\" data-index=\"3\" ><div class=\"textwidget custom-html-widget\"><a href=\"https:\/\/gerhard-euler.de\/?page_id=170\" class=\"small radius otw-button\" style=\"background-color: #f0ecec; color: #555555 !important;\">zur\u00fcck<\/a>\n\n<a href=\"https:\/\/gerhard-euler.de\/?page_id=235\" class=\"small radius otw-button\" style=\"background-color: #f0ecec; color: #555555 !important;\">weiter<\/a><\/div><\/div><\/div><\/div><\/div>","protected":false},"excerpt":{"rendered":"<p>Historische Eiche Die Eichenbalken (Spolien) welche in der Kunst Gerhard Eulers Verwendung finden, stammen von einem Geb\u00e4ude aus der Gro\u00dfalmeroder Stra\u00dfe 3 im Ortsteil Rommerode. Das Haus wurde im Jahr 1754 gebaut und von den Familien R\u00f6hling, Wilhelmsen und danach noch von f\u00fcnf weiteren bewohnt. Von 1945 bis 1973 befand&#8230; <a class=\"continue-reading-link\" href=\"https:\/\/gerhard-euler.de\/?page_id=229\">weiter <span class=\"meta-nav\">&rarr; <\/span><\/a><\/p>\n","protected":false},"author":1,"featured_media":0,"parent":0,"menu_order":0,"comment_status":"closed","ping_status":"closed","template":"templates\/template-onecolumn.php","meta":{"footnotes":""},"class_list":["post-229","page","type-page","status-publish","hentry"],"_links":{"self":[{"href":"https:\/\/gerhard-euler.de\/index.php?rest_route=\/wp\/v2\/pages\/229","targetHints":{"allow":["GET"]}}],"collection":[{"href":"https:\/\/gerhard-euler.de\/index.php?rest_route=\/wp\/v2\/pages"}],"about":[{"href":"https:\/\/gerhard-euler.de\/index.php?rest_route=\/wp\/v2\/types\/page"}],"author":[{"embeddable":true,"href":"https:\/\/gerhard-euler.de\/index.php?rest_route=\/wp\/v2\/users\/1"}],"replies":[{"embeddable":true,"href":"https:\/\/gerhard-euler.de\/index.php?rest_route=%2Fwp%2Fv2%2Fcomments&post=229"}],"version-history":[{"count":13,"href":"https:\/\/gerhard-euler.de\/index.php?rest_route=\/wp\/v2\/pages\/229\/revisions"}],"predecessor-version":[{"id":529,"href":"https:\/\/gerhard-euler.de\/index.php?rest_route=\/wp\/v2\/pages\/229\/revisions\/529"}],"wp:attachment":[{"href":"https:\/\/gerhard-euler.de\/index.php?rest_route=%2Fwp%2Fv2%2Fmedia&parent=229"}],"curies":[{"name":"wp","href":"https:\/\/api.w.org\/{rel}","templated":true}]}}