{"id":235,"date":"2019-11-17T15:47:21","date_gmt":"2019-11-17T15:47:21","guid":{"rendered":"http:\/\/gerhard-euler.de\/?page_id=235"},"modified":"2019-11-28T15:21:31","modified_gmt":"2019-11-28T15:21:31","slug":"entstehungsprozess","status":"publish","type":"page","link":"https:\/\/gerhard-euler.de\/?page_id=235","title":{"rendered":"Entstehungsprozess"},"content":{"rendered":"<div id=\"pl-235\"  class=\"panel-layout\" ><div id=\"pg-235-0\"  class=\"panel-grid panel-no-style\" ><div id=\"pgc-235-0-0\"  class=\"panel-grid-cell\" ><div id=\"panel-235-0-0-0\" class=\"widget_text so-panel widget widget_custom_html panel-first-child\" data-index=\"0\" ><div class=\"textwidget custom-html-widget\"><hr\/><\/div><\/div><div id=\"panel-235-0-0-1\" class=\"so-panel widget widget_text panel-last-child\" data-index=\"1\" >\t\t\t<div class=\"textwidget\"><p><img loading=\"lazy\" decoding=\"async\" class=\"alignleft wp-image-236 \" src=\"https:\/\/gerhard-euler.de\/wp-content\/uploads\/2019\/11\/Entstehungsprozess-300x72.jpg\" alt=\"\" width=\"458\" height=\"110\" \/><\/p>\n<p>&nbsp;<\/p>\n<p>&nbsp;<\/p>\n<p>&nbsp;<\/p>\n<p>Die Skulpturen entstehen in intensiver Handarbeit, wobei mehrere Arbeitsschritte zu unterscheiden sind:<\/p>\n<p>Zun\u00e4chst spielt die Auswahl und Beschaffenheit des Rohsteines eine gro\u00dfe Rolle. H\u00e4ufig l\u00e4\u00dft der K\u00fcnstler den Stein \u201ezu sich sprechen\u201c, das hei\u00dft, der Stein inspiriert ihn zu einer Form, die sich erst w\u00e4hrend des Arbeitens entwickelt.<\/p>\n<p>W\u00e4hrend der eigentlichen Arbeit am Stein kommen unterschiedliche Werkzeuge zum Einsatz:<\/p>\n<p>Im ersten Schritt findet eine grobe Formgebung durch die Bearbeitung mit dem Zahnhammer, beziehungsweise mit Hammer und Mei\u00dfel statt.<\/p>\n<p>Im n\u00e4chsten Schritt werden Konturen mit dem Beitel herausgearbeitet. Ist die angedachte Form aus dem Stein gehauen, wird die Skulptur geraspelt und anschlie\u00dfend mit Wasser und Schleifpapier aufwendig glatt geschliffen.<\/p>\n<p>Zuletzt wird die Skulptur mit Feuer erhitzt um die Poren des Steines zu \u00f6ffnen und anschlie\u00dfend farblosen Wachs einreiben zu k\u00f6nnen. Damit werden Farbe undStruktur erst richtig zum Vorschein gebracht und zudem die Oberfl\u00e4che sch\u00fctzend versiegelt.<\/p>\n<p>Nach dem abk\u00fchlen wird noch poliert.<\/p>\n<p>&nbsp;<\/p>\n<a href=\"https:\/\/gerhard-euler.de\/?page_id=229\" class=\"small radius otw-button\" style=\"background-color: #f0ecec; color: #555555 !important;\">zur\u00fcck<\/a>\n<a href=\"https:\/\/gerhard-euler.de\/?page_id=309\" class=\"small radius otw-button\" style=\"background-color: #f0ecec; color: #555555 !important;\">weiter<\/a>\n<\/div>\n\t\t<\/div><\/div><div id=\"pgc-235-0-1\"  class=\"panel-grid-cell\" ><div id=\"panel-235-0-1-0\" class=\"so-panel widget widget_media_image panel-first-child panel-last-child\" data-index=\"2\" ><img loading=\"lazy\" decoding=\"async\" width=\"179\" height=\"1024\" src=\"https:\/\/gerhard-euler.de\/wp-content\/uploads\/2019\/11\/Entstehungsprozess_Bilder-179x1024.jpg\" class=\"image wp-image-237  attachment-large size-large\" alt=\"\" style=\"max-width: 100%; height: auto;\" srcset=\"https:\/\/gerhard-euler.de\/wp-content\/uploads\/2019\/11\/Entstehungsprozess_Bilder-179x1024.jpg 179w, https:\/\/gerhard-euler.de\/wp-content\/uploads\/2019\/11\/Entstehungsprozess_Bilder-358x2048.jpg 358w, https:\/\/gerhard-euler.de\/wp-content\/uploads\/2019\/11\/Entstehungsprozess_Bilder-26x150.jpg 26w, https:\/\/gerhard-euler.de\/wp-content\/uploads\/2019\/11\/Entstehungsprozess_Bilder.jpg 402w\" sizes=\"auto, (max-width: 179px) 100vw, 179px\" \/><\/div><\/div><\/div><\/div>","protected":false},"excerpt":{"rendered":"<p>&nbsp; &nbsp; &nbsp; Die Skulpturen entstehen in intensiver Handarbeit, wobei mehrere Arbeitsschritte zu unterscheiden sind: Zun\u00e4chst spielt die Auswahl und Beschaffenheit des Rohsteines eine gro\u00dfe Rolle. H\u00e4ufig l\u00e4\u00dft der K\u00fcnstler den Stein \u201ezu sich sprechen\u201c, das hei\u00dft, der Stein inspiriert ihn zu einer Form, die sich erst w\u00e4hrend des Arbeitens&#8230; <a class=\"continue-reading-link\" href=\"https:\/\/gerhard-euler.de\/?page_id=235\">weiter <span class=\"meta-nav\">&rarr; <\/span><\/a><\/p>\n","protected":false},"author":1,"featured_media":0,"parent":0,"menu_order":0,"comment_status":"closed","ping_status":"closed","template":"templates\/template-onecolumn.php","meta":{"footnotes":""},"class_list":["post-235","page","type-page","status-publish","hentry"],"_links":{"self":[{"href":"https:\/\/gerhard-euler.de\/index.php?rest_route=\/wp\/v2\/pages\/235","targetHints":{"allow":["GET"]}}],"collection":[{"href":"https:\/\/gerhard-euler.de\/index.php?rest_route=\/wp\/v2\/pages"}],"about":[{"href":"https:\/\/gerhard-euler.de\/index.php?rest_route=\/wp\/v2\/types\/page"}],"author":[{"embeddable":true,"href":"https:\/\/gerhard-euler.de\/index.php?rest_route=\/wp\/v2\/users\/1"}],"replies":[{"embeddable":true,"href":"https:\/\/gerhard-euler.de\/index.php?rest_route=%2Fwp%2Fv2%2Fcomments&post=235"}],"version-history":[{"count":16,"href":"https:\/\/gerhard-euler.de\/index.php?rest_route=\/wp\/v2\/pages\/235\/revisions"}],"predecessor-version":[{"id":531,"href":"https:\/\/gerhard-euler.de\/index.php?rest_route=\/wp\/v2\/pages\/235\/revisions\/531"}],"wp:attachment":[{"href":"https:\/\/gerhard-euler.de\/index.php?rest_route=%2Fwp%2Fv2%2Fmedia&parent=235"}],"curies":[{"name":"wp","href":"https:\/\/api.w.org\/{rel}","templated":true}]}}