{"id":309,"date":"2019-11-17T23:04:20","date_gmt":"2019-11-17T23:04:20","guid":{"rendered":"http:\/\/gerhard-euler.de\/?page_id=309"},"modified":"2019-11-28T15:48:21","modified_gmt":"2019-11-28T15:48:21","slug":"shona-art","status":"publish","type":"page","link":"https:\/\/gerhard-euler.de\/?page_id=309","title":{"rendered":"Shona Art"},"content":{"rendered":"<div id=\"pl-309\"  class=\"panel-layout\" ><div id=\"pg-309-0\"  class=\"panel-grid panel-no-style\" ><div id=\"pgc-309-0-0\"  class=\"panel-grid-cell\" ><div id=\"panel-309-0-0-0\" class=\"widget_text so-panel widget widget_custom_html panel-first-child\" data-index=\"0\" ><div class=\"textwidget custom-html-widget\"><hr\/><\/div><\/div><div id=\"panel-309-0-0-1\" class=\"so-panel widget widget_text panel-last-child\" data-index=\"1\" >\t\t\t<div class=\"textwidget\"><p><img loading=\"lazy\" decoding=\"async\" class=\"alignnone wp-image-310\" src=\"https:\/\/gerhard-euler.de\/wp-content\/uploads\/2019\/11\/Material_shona_art-300x87.jpg\" alt=\"\" width=\"379\" height=\"110\" srcset=\"https:\/\/gerhard-euler.de\/wp-content\/uploads\/2019\/11\/Material_shona_art-300x87.jpg 300w, https:\/\/gerhard-euler.de\/wp-content\/uploads\/2019\/11\/Material_shona_art-150x44.jpg 150w, https:\/\/gerhard-euler.de\/wp-content\/uploads\/2019\/11\/Material_shona_art-250x73.jpg 250w, https:\/\/gerhard-euler.de\/wp-content\/uploads\/2019\/11\/Material_shona_art.jpg 379w\" sizes=\"auto, (max-width: 379px) 100vw, 379px\" \/><\/p>\n<p>Im Norden Zimbabwes, inmitten h\u00fcgeliger Savannenlandschaft, gr\u00fcndete der ehemalige Tabakfarmer Tom Blomefield 1966 die K\u00fcnstlerkolonie Tengenenge. Sein Land barg reiche Serpentinvorkommen und Menschen unterschiedlicher Herkunft entdeckten dort im Laufe der Zeit ihr bildhauerisches Talent.<br \/>\nDie Rohsteine stellte Blomfield frei zur Verf\u00fcgung.<\/p>\n<p>W\u00e4hrend des langj\u00e4hrigen Unabh\u00e4ngigkeitskrieges bis 1980 entstand mitten im \u201eBush\u201c von Zimbabwe eine neue Kunst; eine Kunst, in der die Menschen ihre Gedanken, Tr\u00e4ume und Gef\u00fchle in fig\u00fcrlicher oder abstrakter Form in Stein zum Ausdruck bringen konnten. F\u00fcr viele K\u00fcnstler ist es von Bedeutung, das Andenken an die eigene Kultur in ihren Skulpturen zu bewahren und aufrecht zu erhalten, so wie dies zum Beispiel auch durch Trommeln, Singen und Tanzen geschieht.<br \/>\nDie Skulpturen spiegeln oft den spirituellen Hintergrund, Mythen und Legenden der K\u00fcnstler wieder. Auch wenn die Kultur der Bildhauer sich mit dem modernen Leben ver\u00e4ndert, bleiben ihre Erinnerungen an Traditionen und das alte Leben erhalten.<\/p>\n<p><strong>Begriff<\/strong><\/p>\n<p>Fast drei Viertel der Bev\u00f6lkerung des heutigen Simbabwe und fr\u00fcheren Rhodesien werden als Shona bezeichnet. Tats\u00e4chlich handelt es sich dabei um sechs Hauptv\u00f6lker, die Kore Kore, Zezuru, Katanga, Manyika, Ndau und Rozvi, die teilweise auch in benachbarten heutigen Staaten siedeln.<br \/>\nSie geh\u00f6ren alle zur Sprachgruppe der Bantu-V\u00f6lker, k\u00f6nnen aber ethnologisch nicht als ein Volk bezeichnet werden.<br \/>\nDie Bezeichnung \u201eShona\u201c wurde im 19. Jahrhundert vom Stamm der Ndebele, der zweitgr\u00f6\u00dften Bev\u00f6lkerungsgruppe, als eine Art geringsch\u00e4tziger Sammelbegriff f\u00fcr alle Nicht-Ndebele-V\u00f6lker gepr\u00e4gt und von den Kolonialm\u00e4chten \u00fcbernommen.<\/p>\n<p><strong>Verbreitung<\/strong><\/p>\n<p>Die modernen Shonaplastiken sind innerhalb weniger Jahrzehnte weltweit bekannt geworden. Die erste Gruppenausstellung erfolgte 1962<\/p>\n<p>innerhalb des International Congress of African Culture in Salisbury (heute Harare). Weitere Pr\u00e4sentationen folgten 1968 in Lusaka, Kampala und New York, in Paris 1971 und in London 1972.<\/p>\n<p>Shona-Skulpturen wurden sowohl in renommierten Museen und Galerien der Welt ausgestellt, so im Museum of Modern Art in New York, dem Centre Pompidou und dem Mus\u00e9e Rodin in Paris, dem Museum f\u00fcr V\u00f6lkerkunde in Frankfurt a. M., auf der Biennale in Venedig oder der Expo 2000 in Hannover.<\/p>\n<p>&nbsp;<\/p>\n<a href=\"https:\/\/gerhard-euler.de\/?page_id=235\" class=\"small radius otw-button\" style=\"background-color: #f0ecec; color: #555555 !important;\">zur\u00fcck<\/a>\n<a href=\"https:\/\/gerhard-euler.de\/?page_id=325\" class=\"small radius otw-button\" style=\"background-color: #f0ecec; color: #555555 !important;\">weiter<\/a>\n<\/div>\n\t\t<\/div><\/div><div id=\"pgc-309-0-1\"  class=\"panel-grid-cell\" ><div id=\"panel-309-0-1-0\" class=\"so-panel widget widget_media_image panel-first-child\" data-index=\"2\" ><img loading=\"lazy\" decoding=\"async\" width=\"800\" height=\"600\" src=\"https:\/\/gerhard-euler.de\/wp-content\/uploads\/2019\/11\/Material_shonaart_bild-1024x768.jpg\" class=\"image wp-image-311  attachment-large size-large\" alt=\"\" style=\"max-width: 100%; height: auto;\" srcset=\"https:\/\/gerhard-euler.de\/wp-content\/uploads\/2019\/11\/Material_shonaart_bild-1024x768.jpg 1024w, https:\/\/gerhard-euler.de\/wp-content\/uploads\/2019\/11\/Material_shonaart_bild-300x225.jpg 300w, https:\/\/gerhard-euler.de\/wp-content\/uploads\/2019\/11\/Material_shonaart_bild-768x576.jpg 768w, https:\/\/gerhard-euler.de\/wp-content\/uploads\/2019\/11\/Material_shonaart_bild-1536x1152.jpg 1536w, https:\/\/gerhard-euler.de\/wp-content\/uploads\/2019\/11\/Material_shonaart_bild-2048x1536.jpg 2048w, https:\/\/gerhard-euler.de\/wp-content\/uploads\/2019\/11\/Material_shonaart_bild-150x112.jpg 150w, https:\/\/gerhard-euler.de\/wp-content\/uploads\/2019\/11\/Material_shonaart_bild-200x150.jpg 200w\" sizes=\"auto, (max-width: 800px) 100vw, 800px\" \/><\/div><div id=\"panel-309-0-1-1\" class=\"so-panel widget widget_text panel-last-child\" data-index=\"3\" >\t\t\t<div class=\"textwidget\"><p>Gerhard Euler mit Tom Blomefield<\/p>\n<\/div>\n\t\t<\/div><\/div><\/div><\/div>","protected":false},"excerpt":{"rendered":"<p>Im Norden Zimbabwes, inmitten h\u00fcgeliger Savannenlandschaft, gr\u00fcndete der ehemalige Tabakfarmer Tom Blomefield 1966 die K\u00fcnstlerkolonie Tengenenge. Sein Land barg reiche Serpentinvorkommen und Menschen unterschiedlicher Herkunft entdeckten dort im Laufe der Zeit ihr bildhauerisches Talent. Die Rohsteine stellte Blomfield frei zur Verf\u00fcgung. W\u00e4hrend des langj\u00e4hrigen Unabh\u00e4ngigkeitskrieges bis 1980 entstand mitten im&#8230; <a class=\"continue-reading-link\" href=\"https:\/\/gerhard-euler.de\/?page_id=309\">weiter <span class=\"meta-nav\">&rarr; <\/span><\/a><\/p>\n","protected":false},"author":1,"featured_media":0,"parent":0,"menu_order":0,"comment_status":"closed","ping_status":"closed","template":"templates\/template-onecolumn.php","meta":{"footnotes":""},"class_list":["post-309","page","type-page","status-publish","hentry"],"_links":{"self":[{"href":"https:\/\/gerhard-euler.de\/index.php?rest_route=\/wp\/v2\/pages\/309","targetHints":{"allow":["GET"]}}],"collection":[{"href":"https:\/\/gerhard-euler.de\/index.php?rest_route=\/wp\/v2\/pages"}],"about":[{"href":"https:\/\/gerhard-euler.de\/index.php?rest_route=\/wp\/v2\/types\/page"}],"author":[{"embeddable":true,"href":"https:\/\/gerhard-euler.de\/index.php?rest_route=\/wp\/v2\/users\/1"}],"replies":[{"embeddable":true,"href":"https:\/\/gerhard-euler.de\/index.php?rest_route=%2Fwp%2Fv2%2Fcomments&post=309"}],"version-history":[{"count":12,"href":"https:\/\/gerhard-euler.de\/index.php?rest_route=\/wp\/v2\/pages\/309\/revisions"}],"predecessor-version":[{"id":533,"href":"https:\/\/gerhard-euler.de\/index.php?rest_route=\/wp\/v2\/pages\/309\/revisions\/533"}],"wp:attachment":[{"href":"https:\/\/gerhard-euler.de\/index.php?rest_route=%2Fwp%2Fv2%2Fmedia&parent=309"}],"curies":[{"name":"wp","href":"https:\/\/api.w.org\/{rel}","templated":true}]}}