{"id":325,"date":"2019-11-19T22:20:28","date_gmt":"2019-11-19T22:20:28","guid":{"rendered":"http:\/\/gerhard-euler.de\/?page_id=325"},"modified":"2019-12-09T22:35:59","modified_gmt":"2019-12-09T22:35:59","slug":"preise","status":"publish","type":"page","link":"https:\/\/gerhard-euler.de\/?page_id=325","title":{"rendered":"Preise"},"content":{"rendered":"<hr \/>\n<p><img loading=\"lazy\" decoding=\"async\" class=\"alignnone wp-image-326\" src=\"https:\/\/gerhard-euler.de\/wp-content\/uploads\/2019\/11\/Preisfindung-300x56.jpg\" alt=\"\" width=\"590\" height=\"110\" srcset=\"https:\/\/gerhard-euler.de\/wp-content\/uploads\/2019\/11\/Preisfindung-300x56.jpg 300w, https:\/\/gerhard-euler.de\/wp-content\/uploads\/2019\/11\/Preisfindung-1024x191.jpg 1024w, https:\/\/gerhard-euler.de\/wp-content\/uploads\/2019\/11\/Preisfindung-768x143.jpg 768w, https:\/\/gerhard-euler.de\/wp-content\/uploads\/2019\/11\/Preisfindung-150x28.jpg 150w, https:\/\/gerhard-euler.de\/wp-content\/uploads\/2019\/11\/Preisfindung-250x47.jpg 250w, https:\/\/gerhard-euler.de\/wp-content\/uploads\/2019\/11\/Preisfindung.jpg 1492w\" sizes=\"auto, (max-width: 590px) 100vw, 590px\" \/><\/p>\n<p>Wie viel kann ein K\u00fcnstler f\u00fcr seine Werke verlangen? Nach Stunden kann man keinen Preis gestalten, daf\u00fcr sind es einfach zu viele, reelle Betriebskosten fallen nicht an und in der Regel werden Kunstwerke auch nicht mit einem vorher festgelegten Preis in Auftrag gegeben.<br \/>\nKunst ist nun aber auch Handwerk, es entstehen Material- und Werkzeugkosten. Neben den schon erw\u00e4hnten unz\u00e4hligen Stunden reiner anstrengenden Arbeit kommt noch der kreative Schaffensprozess hinzu, also die Visualisierung des fertigen Objektes noch im Rohzustand der Materialien. Diese wiederum sind selbst beschafft, handverlesen, haben -wie die Eichenbalken- sogar einen regionalen historischen Bezug; sie sind allesamt einzigartig, einmalig \u2013 so wie das sp\u00e4tere Kunstwerk.<br \/>\nSollen die Skulpturen noch einen Unterbau, also einen Sockel oder St\u00e4nder bekommen, ist die Arbeit eines Fachmannes in Metallbearbeitung gefragt.<br \/>\nAuf Kosten des K\u00fcnstlers versteht sich.<\/p>\n<p>Die Einzigartigkeit der Objekte so wie die Gegebenheit, dass sie dauerhaft im Au\u00dfenbereich stehen k\u00f6nnen, erh\u00f6ht den Wert dann noch um einen weiteren Punkt.<\/p>\n<p>Kunst setzt sich nicht nur aus Arbeitszeit plus Materialeinsatz zusammen. Kunst ist keine Massenware, besitzt eine andere Art von Wert. Die Preise k\u00f6nnen daher nur individuell und unterschiedlich sein.<\/p>\n<p>&nbsp;<\/p>\n<a href=\"https:\/\/gerhard-euler.de\/?page_id=309\" class=\"small radius otw-button\" style=\"background-color: #f0ecec; color: #555555 !important;\">zur\u00fcck<\/a>\n<a href=\"https:\/\/gerhard-euler.de\/?page_id=323\" class=\"small radius otw-button\" style=\"background-color: #f0ecec; color: #555555 !important;\">weiter<\/a>\n","protected":false},"excerpt":{"rendered":"<p>Wie viel kann ein K\u00fcnstler f\u00fcr seine Werke verlangen? Nach Stunden kann man keinen Preis gestalten, daf\u00fcr sind es einfach zu viele, reelle Betriebskosten fallen nicht an und in der Regel werden Kunstwerke auch nicht mit einem vorher festgelegten Preis in Auftrag gegeben. Kunst ist nun aber auch Handwerk, es&#8230; <a class=\"continue-reading-link\" href=\"https:\/\/gerhard-euler.de\/?page_id=325\">weiter <span class=\"meta-nav\">&rarr; <\/span><\/a><\/p>\n","protected":false},"author":1,"featured_media":0,"parent":0,"menu_order":0,"comment_status":"closed","ping_status":"closed","template":"templates\/template-onecolumn.php","meta":{"footnotes":""},"class_list":["post-325","page","type-page","status-publish","hentry"],"_links":{"self":[{"href":"https:\/\/gerhard-euler.de\/index.php?rest_route=\/wp\/v2\/pages\/325","targetHints":{"allow":["GET"]}}],"collection":[{"href":"https:\/\/gerhard-euler.de\/index.php?rest_route=\/wp\/v2\/pages"}],"about":[{"href":"https:\/\/gerhard-euler.de\/index.php?rest_route=\/wp\/v2\/types\/page"}],"author":[{"embeddable":true,"href":"https:\/\/gerhard-euler.de\/index.php?rest_route=\/wp\/v2\/users\/1"}],"replies":[{"embeddable":true,"href":"https:\/\/gerhard-euler.de\/index.php?rest_route=%2Fwp%2Fv2%2Fcomments&post=325"}],"version-history":[{"count":6,"href":"https:\/\/gerhard-euler.de\/index.php?rest_route=\/wp\/v2\/pages\/325\/revisions"}],"predecessor-version":[{"id":586,"href":"https:\/\/gerhard-euler.de\/index.php?rest_route=\/wp\/v2\/pages\/325\/revisions\/586"}],"wp:attachment":[{"href":"https:\/\/gerhard-euler.de\/index.php?rest_route=%2Fwp%2Fv2%2Fmedia&parent=325"}],"curies":[{"name":"wp","href":"https:\/\/api.w.org\/{rel}","templated":true}]}}