{"id":353,"date":"2019-11-19T23:04:09","date_gmt":"2019-11-19T23:04:09","guid":{"rendered":"http:\/\/gerhard-euler.de\/?page_id=353"},"modified":"2019-12-22T17:06:06","modified_gmt":"2019-12-22T17:06:06","slug":"durchblick","status":"publish","type":"page","link":"https:\/\/gerhard-euler.de\/?page_id=353","title":{"rendered":"Durchblick"},"content":{"rendered":"<div id=\"pl-353\"  class=\"panel-layout\" ><div id=\"pg-353-0\"  class=\"panel-grid panel-no-style\" ><div id=\"pgc-353-0-0\"  class=\"panel-grid-cell\" ><div id=\"panel-353-0-0-0\" class=\"widget_text so-panel widget widget_custom_html panel-first-child panel-last-child\" data-index=\"0\" ><div class=\"textwidget custom-html-widget\"><hr\/><\/div><\/div><\/div><\/div><div id=\"pg-353-1\"  class=\"panel-grid panel-no-style\" ><div id=\"pgc-353-1-0\"  class=\"panel-grid-cell\" ><div id=\"panel-353-1-0-0\" class=\"so-panel widget widget_sow-editor panel-first-child panel-last-child\" data-index=\"1\" ><div\n\t\t\t\n\t\t\tclass=\"so-widget-sow-editor so-widget-sow-editor-base\"\n\t\t\t\n\t\t>\n<div class=\"siteorigin-widget-tinymce textwidget\">\n\t<p><img loading=\"lazy\" decoding=\"async\" class=\"alignnone wp-image-354\" src=\"https:\/\/gerhard-euler.de\/wp-content\/uploads\/2019\/11\/Kunstwerke_Durchblick-300x87.jpg\" alt=\"\" width=\"379\" height=\"110\" srcset=\"https:\/\/gerhard-euler.de\/wp-content\/uploads\/2019\/11\/Kunstwerke_Durchblick-300x87.jpg 300w, https:\/\/gerhard-euler.de\/wp-content\/uploads\/2019\/11\/Kunstwerke_Durchblick-1024x298.jpg 1024w, https:\/\/gerhard-euler.de\/wp-content\/uploads\/2019\/11\/Kunstwerke_Durchblick-768x223.jpg 768w, https:\/\/gerhard-euler.de\/wp-content\/uploads\/2019\/11\/Kunstwerke_Durchblick-150x44.jpg 150w, https:\/\/gerhard-euler.de\/wp-content\/uploads\/2019\/11\/Kunstwerke_Durchblick-250x73.jpg 250w, https:\/\/gerhard-euler.de\/wp-content\/uploads\/2019\/11\/Kunstwerke_Durchblick.jpg 1356w\" sizes=\"auto, (max-width: 379px) 100vw, 379px\" \/><\/p>\n<p>Eine Skulptur aus Serpentin, einem sehr harten Stein aus Zimbabwe.<br \/>\nErst nach langer Bearbeitungszeit, nach vielem schleifen mit feiner K\u00f6rnung gibt der Stein seine Farbe und Struktur preis; au\u00dfer bei der Formgebung wei\u00df man vorher nicht wie das Endergebnis aussehen\u00a0 wird.<\/p>\n<p>&nbsp;<\/p>\n<p><em>Gerhard Euler 2016<\/em><\/p>\n<p>&nbsp;<\/p>\n<p>&nbsp;<\/p>\n<a href=\"https:\/\/gerhard-euler.de\/?page_id=361\" class=\"small radius otw-button\" style=\"background-color: #f0ecec; color: #555555 !important;\">weiter<\/a>\n<\/div>\n<\/div><\/div><\/div><div id=\"pgc-353-1-1\"  class=\"panel-grid-cell\" ><div id=\"panel-353-1-1-0\" class=\"so-panel widget widget_media_image panel-first-child panel-last-child\" data-index=\"2\" ><img loading=\"lazy\" decoding=\"async\" width=\"299\" height=\"600\" src=\"https:\/\/gerhard-euler.de\/wp-content\/uploads\/2019\/11\/Kunstwerke_Durchblick_Bild-511x1024.jpg\" class=\"image wp-image-356  attachment-299x600 size-299x600\" alt=\"\" style=\"max-width: 100%; height: auto;\" srcset=\"https:\/\/gerhard-euler.de\/wp-content\/uploads\/2019\/11\/Kunstwerke_Durchblick_Bild-511x1024.jpg 511w, https:\/\/gerhard-euler.de\/wp-content\/uploads\/2019\/11\/Kunstwerke_Durchblick_Bild-150x300.jpg 150w, https:\/\/gerhard-euler.de\/wp-content\/uploads\/2019\/11\/Kunstwerke_Durchblick_Bild-75x150.jpg 75w, https:\/\/gerhard-euler.de\/wp-content\/uploads\/2019\/11\/Kunstwerke_Durchblick_Bild.jpg 745w\" sizes=\"auto, (max-width: 299px) 100vw, 299px\" \/><\/div><\/div><\/div><\/div>","protected":false},"excerpt":{"rendered":"<p>Eine Skulptur aus Serpentin, einem sehr harten Stein aus Zimbabwe. Erst nach langer Bearbeitungszeit, nach vielem schleifen mit feiner K\u00f6rnung gibt der Stein seine Farbe und Struktur preis; au\u00dfer bei der Formgebung wei\u00df man vorher nicht wie das Endergebnis aussehen\u00a0 wird. &nbsp; Gerhard Euler 2016 &nbsp; &nbsp;<\/p>\n","protected":false},"author":1,"featured_media":0,"parent":0,"menu_order":0,"comment_status":"closed","ping_status":"closed","template":"templates\/template-onecolumn.php","meta":{"footnotes":""},"class_list":["post-353","page","type-page","status-publish","hentry"],"_links":{"self":[{"href":"https:\/\/gerhard-euler.de\/index.php?rest_route=\/wp\/v2\/pages\/353","targetHints":{"allow":["GET"]}}],"collection":[{"href":"https:\/\/gerhard-euler.de\/index.php?rest_route=\/wp\/v2\/pages"}],"about":[{"href":"https:\/\/gerhard-euler.de\/index.php?rest_route=\/wp\/v2\/types\/page"}],"author":[{"embeddable":true,"href":"https:\/\/gerhard-euler.de\/index.php?rest_route=\/wp\/v2\/users\/1"}],"replies":[{"embeddable":true,"href":"https:\/\/gerhard-euler.de\/index.php?rest_route=%2Fwp%2Fv2%2Fcomments&post=353"}],"version-history":[{"count":18,"href":"https:\/\/gerhard-euler.de\/index.php?rest_route=\/wp\/v2\/pages\/353\/revisions"}],"predecessor-version":[{"id":593,"href":"https:\/\/gerhard-euler.de\/index.php?rest_route=\/wp\/v2\/pages\/353\/revisions\/593"}],"wp:attachment":[{"href":"https:\/\/gerhard-euler.de\/index.php?rest_route=%2Fwp%2Fv2%2Fmedia&parent=353"}],"curies":[{"name":"wp","href":"https:\/\/api.w.org\/{rel}","templated":true}]}}