{"id":361,"date":"2019-11-19T23:11:38","date_gmt":"2019-11-19T23:11:38","guid":{"rendered":"http:\/\/gerhard-euler.de\/?page_id=361"},"modified":"2019-12-22T17:06:35","modified_gmt":"2019-12-22T17:06:35","slug":"freude","status":"publish","type":"page","link":"https:\/\/gerhard-euler.de\/?page_id=361","title":{"rendered":"Freude"},"content":{"rendered":"<div id=\"pl-361\"  class=\"panel-layout\" ><div id=\"pg-361-0\"  class=\"panel-grid panel-no-style\" ><div id=\"pgc-361-0-0\"  class=\"panel-grid-cell\" ><div id=\"panel-361-0-0-0\" class=\"widget_text so-panel widget widget_custom_html panel-first-child panel-last-child\" data-index=\"0\" ><div class=\"textwidget custom-html-widget\"><hr\/><\/div><\/div><\/div><\/div><div id=\"pg-361-1\"  class=\"panel-grid panel-no-style\" ><div id=\"pgc-361-1-0\"  class=\"panel-grid-cell\" ><div id=\"panel-361-1-0-0\" class=\"so-panel widget widget_sow-editor panel-first-child panel-last-child\" data-index=\"1\" ><div\n\t\t\t\n\t\t\tclass=\"so-widget-sow-editor so-widget-sow-editor-base\"\n\t\t\t\n\t\t>\n<div class=\"siteorigin-widget-tinymce textwidget\">\n\t<p><img loading=\"lazy\" decoding=\"async\" class=\"alignnone wp-image-362\" src=\"https:\/\/gerhard-euler.de\/wp-content\/uploads\/2019\/11\/Kunstwerke_Freude-300x133.jpg\" alt=\"\" width=\"248\" height=\"110\" srcset=\"https:\/\/gerhard-euler.de\/wp-content\/uploads\/2019\/11\/Kunstwerke_Freude-300x133.jpg 300w, https:\/\/gerhard-euler.de\/wp-content\/uploads\/2019\/11\/Kunstwerke_Freude-768x341.jpg 768w, https:\/\/gerhard-euler.de\/wp-content\/uploads\/2019\/11\/Kunstwerke_Freude-150x67.jpg 150w, https:\/\/gerhard-euler.de\/wp-content\/uploads\/2019\/11\/Kunstwerke_Freude-250x111.jpg 250w, https:\/\/gerhard-euler.de\/wp-content\/uploads\/2019\/11\/Kunstwerke_Freude.jpg 844w\" sizes=\"auto, (max-width: 248px) 100vw, 248px\" \/><\/p>\n<p>Diese Marmorskulptur soll das Symbol der Freude widerspiegeln welches so im tibetischen Buddhismus zu finden ist.<br \/>\nDer besonders reine wei\u00dfe Marmor aus der Marmorstadt Laas im Vinschgau in S\u00fcdtirol soll ein gewisses Wohlgef\u00fchl beim betrachten und ber\u00fchren wecken.<\/p>\n<p>&nbsp;<\/p>\n<p><em>Gerhard Euler 2017<\/em><\/p>\n<p><em>\u00a0<\/em><\/p>\n<p>&nbsp;<\/p>\n<a href=\"https:\/\/gerhard-euler.de\/?page_id=353\" class=\"small radius otw-button\" style=\"background-color: #f0ecec; color: #555555 !important;\">zur\u00fcck<\/a>\n<a href=\"https:\/\/gerhard-euler.de\/?page_id=374\" class=\"small radius otw-button\" style=\"background-color: #f0ecec; color: #555555 !important;\">weiter<\/a>\n<\/div>\n<\/div><\/div><\/div><div id=\"pgc-361-1-1\"  class=\"panel-grid-cell\" ><div id=\"panel-361-1-1-0\" class=\"so-panel widget widget_media_image panel-first-child panel-last-child\" data-index=\"2\" ><img loading=\"lazy\" decoding=\"async\" width=\"316\" height=\"600\" src=\"https:\/\/gerhard-euler.de\/wp-content\/uploads\/2019\/11\/Kunstwerke_Freude_Bild-539x1024.jpg\" class=\"image wp-image-364  attachment-316x600 size-316x600\" alt=\"\" style=\"max-width: 100%; height: auto;\" srcset=\"https:\/\/gerhard-euler.de\/wp-content\/uploads\/2019\/11\/Kunstwerke_Freude_Bild-539x1024.jpg 539w, https:\/\/gerhard-euler.de\/wp-content\/uploads\/2019\/11\/Kunstwerke_Freude_Bild-158x300.jpg 158w, https:\/\/gerhard-euler.de\/wp-content\/uploads\/2019\/11\/Kunstwerke_Freude_Bild-79x150.jpg 79w, https:\/\/gerhard-euler.de\/wp-content\/uploads\/2019\/11\/Kunstwerke_Freude_Bild.jpg 548w\" sizes=\"auto, (max-width: 316px) 100vw, 316px\" \/><\/div><\/div><\/div><\/div>","protected":false},"excerpt":{"rendered":"<p>Diese Marmorskulptur soll das Symbol der Freude widerspiegeln welches so im tibetischen Buddhismus zu finden ist. Der besonders reine wei\u00dfe Marmor aus der Marmorstadt Laas im Vinschgau in S\u00fcdtirol soll ein gewisses Wohlgef\u00fchl beim betrachten und ber\u00fchren wecken. &nbsp; Gerhard Euler 2017 \u00a0 &nbsp;<\/p>\n","protected":false},"author":1,"featured_media":0,"parent":0,"menu_order":0,"comment_status":"closed","ping_status":"closed","template":"templates\/template-onecolumn.php","meta":{"footnotes":""},"class_list":["post-361","page","type-page","status-publish","hentry"],"_links":{"self":[{"href":"https:\/\/gerhard-euler.de\/index.php?rest_route=\/wp\/v2\/pages\/361","targetHints":{"allow":["GET"]}}],"collection":[{"href":"https:\/\/gerhard-euler.de\/index.php?rest_route=\/wp\/v2\/pages"}],"about":[{"href":"https:\/\/gerhard-euler.de\/index.php?rest_route=\/wp\/v2\/types\/page"}],"author":[{"embeddable":true,"href":"https:\/\/gerhard-euler.de\/index.php?rest_route=\/wp\/v2\/users\/1"}],"replies":[{"embeddable":true,"href":"https:\/\/gerhard-euler.de\/index.php?rest_route=%2Fwp%2Fv2%2Fcomments&post=361"}],"version-history":[{"count":14,"href":"https:\/\/gerhard-euler.de\/index.php?rest_route=\/wp\/v2\/pages\/361\/revisions"}],"predecessor-version":[{"id":595,"href":"https:\/\/gerhard-euler.de\/index.php?rest_route=\/wp\/v2\/pages\/361\/revisions\/595"}],"wp:attachment":[{"href":"https:\/\/gerhard-euler.de\/index.php?rest_route=%2Fwp%2Fv2%2Fmedia&parent=361"}],"curies":[{"name":"wp","href":"https:\/\/api.w.org\/{rel}","templated":true}]}}