{"id":374,"date":"2019-11-19T23:20:25","date_gmt":"2019-11-19T23:20:25","guid":{"rendered":"http:\/\/gerhard-euler.de\/?page_id=374"},"modified":"2019-12-22T17:07:02","modified_gmt":"2019-12-22T17:07:02","slug":"der-philosoph-2","status":"publish","type":"page","link":"https:\/\/gerhard-euler.de\/?page_id=374","title":{"rendered":"der Philosoph"},"content":{"rendered":"<div id=\"pl-374\"  class=\"panel-layout\" ><div id=\"pg-374-0\"  class=\"panel-grid panel-no-style\" ><div id=\"pgc-374-0-0\"  class=\"panel-grid-cell\" ><div id=\"panel-374-0-0-0\" class=\"widget_text so-panel widget widget_custom_html panel-first-child panel-last-child\" data-index=\"0\" ><div class=\"textwidget custom-html-widget\"><hr\/><\/div><\/div><\/div><\/div><div id=\"pg-374-1\"  class=\"panel-grid panel-no-style\" ><div id=\"pgc-374-1-0\"  class=\"panel-grid-cell\" ><div id=\"panel-374-1-0-0\" class=\"so-panel widget widget_sow-editor panel-first-child panel-last-child\" data-index=\"1\" ><div\n\t\t\t\n\t\t\tclass=\"so-widget-sow-editor so-widget-sow-editor-base\"\n\t\t\t\n\t\t>\n<div class=\"siteorigin-widget-tinymce textwidget\">\n\t<p><img loading=\"lazy\" decoding=\"async\" class=\"alignnone wp-image-375\" src=\"https:\/\/gerhard-euler.de\/wp-content\/uploads\/2019\/11\/Kunstwerke_der-Philosoph-300x87.jpg\" alt=\"\" width=\"378\" height=\"110\" srcset=\"https:\/\/gerhard-euler.de\/wp-content\/uploads\/2019\/11\/Kunstwerke_der-Philosoph-300x87.jpg 300w, https:\/\/gerhard-euler.de\/wp-content\/uploads\/2019\/11\/Kunstwerke_der-Philosoph-1024x298.jpg 1024w, https:\/\/gerhard-euler.de\/wp-content\/uploads\/2019\/11\/Kunstwerke_der-Philosoph-768x223.jpg 768w, https:\/\/gerhard-euler.de\/wp-content\/uploads\/2019\/11\/Kunstwerke_der-Philosoph-150x44.jpg 150w, https:\/\/gerhard-euler.de\/wp-content\/uploads\/2019\/11\/Kunstwerke_der-Philosoph-250x73.jpg 250w, https:\/\/gerhard-euler.de\/wp-content\/uploads\/2019\/11\/Kunstwerke_der-Philosoph.jpg 1348w\" sizes=\"auto, (max-width: 378px) 100vw, 378px\" \/><\/p>\n<p>Bei dieser aus einem regelrechten Brocken herausgearbeiteten Figur bestand die Herausforderung -neben der enormen H\u00e4rte des Steines- darin, die urspr\u00fcngliche, rohe Struktur der auf Hochglanz polierten Oberfl\u00e4che der Maske gegen\u00fcber zu stellen.<br \/>\nDer Stein wird stark erhitzt, mit farblosem Wachs eingerieben und poliert.<br \/>\nSo kommen die wunderbaren Feinheiten zur Geltung und versiegeln die Oberfl\u00e4che.<\/p>\n<p>&nbsp;<\/p>\n<p><em>Gerhard Euler 2013<\/em><\/p>\n<p>&nbsp;<\/p>\n<p>&nbsp;<\/p>\n<p>&nbsp;<\/p>\n<a href=\"https:\/\/gerhard-euler.de\/?page_id=361\" class=\"small radius otw-button\" style=\"background-color: #f0ecec; color: #555555 !important;\">zur\u00fcck<\/a>\n<a href=\"https:\/\/gerhard-euler.de\/?page_id=389\" class=\"small radius otw-button\" style=\"background-color: #f0ecec; color: #555555 !important;\">weiter<\/a>\n<\/div>\n<\/div><\/div><\/div><div id=\"pgc-374-1-1\"  class=\"panel-grid-cell\" ><div id=\"panel-374-1-1-0\" class=\"so-panel widget widget_media_image panel-first-child panel-last-child\" data-index=\"2\" ><img loading=\"lazy\" decoding=\"async\" width=\"322\" height=\"800\" src=\"https:\/\/gerhard-euler.de\/wp-content\/uploads\/2019\/11\/Kunstwerke_der_Philosoph_Bild-619x1536.jpg\" class=\"image wp-image-377  attachment-322x800 size-322x800\" alt=\"\" style=\"max-width: 100%; height: auto;\" srcset=\"https:\/\/gerhard-euler.de\/wp-content\/uploads\/2019\/11\/Kunstwerke_der_Philosoph_Bild-619x1536.jpg 619w, https:\/\/gerhard-euler.de\/wp-content\/uploads\/2019\/11\/Kunstwerke_der_Philosoph_Bild-121x300.jpg 121w, https:\/\/gerhard-euler.de\/wp-content\/uploads\/2019\/11\/Kunstwerke_der_Philosoph_Bild-60x150.jpg 60w, https:\/\/gerhard-euler.de\/wp-content\/uploads\/2019\/11\/Kunstwerke_der_Philosoph_Bild.jpg 682w\" sizes=\"auto, (max-width: 322px) 100vw, 322px\" \/><\/div><\/div><\/div><\/div>","protected":false},"excerpt":{"rendered":"<p>Bei dieser aus einem regelrechten Brocken herausgearbeiteten Figur bestand die Herausforderung -neben der enormen H\u00e4rte des Steines- darin, die urspr\u00fcngliche, rohe Struktur der auf Hochglanz polierten Oberfl\u00e4che der Maske gegen\u00fcber zu stellen. Der Stein wird stark erhitzt, mit farblosem Wachs eingerieben und poliert. So kommen die wunderbaren Feinheiten zur Geltung&#8230; <a class=\"continue-reading-link\" href=\"https:\/\/gerhard-euler.de\/?page_id=374\">weiter <span class=\"meta-nav\">&rarr; <\/span><\/a><\/p>\n","protected":false},"author":1,"featured_media":0,"parent":0,"menu_order":0,"comment_status":"closed","ping_status":"closed","template":"templates\/template-onecolumn.php","meta":{"footnotes":""},"class_list":["post-374","page","type-page","status-publish","hentry"],"_links":{"self":[{"href":"https:\/\/gerhard-euler.de\/index.php?rest_route=\/wp\/v2\/pages\/374","targetHints":{"allow":["GET"]}}],"collection":[{"href":"https:\/\/gerhard-euler.de\/index.php?rest_route=\/wp\/v2\/pages"}],"about":[{"href":"https:\/\/gerhard-euler.de\/index.php?rest_route=\/wp\/v2\/types\/page"}],"author":[{"embeddable":true,"href":"https:\/\/gerhard-euler.de\/index.php?rest_route=\/wp\/v2\/users\/1"}],"replies":[{"embeddable":true,"href":"https:\/\/gerhard-euler.de\/index.php?rest_route=%2Fwp%2Fv2%2Fcomments&post=374"}],"version-history":[{"count":8,"href":"https:\/\/gerhard-euler.de\/index.php?rest_route=\/wp\/v2\/pages\/374\/revisions"}],"predecessor-version":[{"id":597,"href":"https:\/\/gerhard-euler.de\/index.php?rest_route=\/wp\/v2\/pages\/374\/revisions\/597"}],"wp:attachment":[{"href":"https:\/\/gerhard-euler.de\/index.php?rest_route=%2Fwp%2Fv2%2Fmedia&parent=374"}],"curies":[{"name":"wp","href":"https:\/\/api.w.org\/{rel}","templated":true}]}}