{"id":401,"date":"2019-11-20T00:09:53","date_gmt":"2019-11-20T00:09:53","guid":{"rendered":"http:\/\/gerhard-euler.de\/?page_id=401"},"modified":"2019-12-22T17:10:05","modified_gmt":"2019-12-22T17:10:05","slug":"der-alte","status":"publish","type":"page","link":"https:\/\/gerhard-euler.de\/?page_id=401","title":{"rendered":"der Alte"},"content":{"rendered":"<div id=\"pl-401\"  class=\"panel-layout\" ><div id=\"pg-401-0\"  class=\"panel-grid panel-no-style\" ><div id=\"pgc-401-0-0\"  class=\"panel-grid-cell\" ><div id=\"panel-401-0-0-0\" class=\"widget_text so-panel widget widget_custom_html panel-first-child panel-last-child\" data-index=\"0\" ><div class=\"textwidget custom-html-widget\"><hr\/><\/div><\/div><\/div><\/div><div id=\"pg-401-1\"  class=\"panel-grid panel-no-style\" ><div id=\"pgc-401-1-0\"  class=\"panel-grid-cell\" ><div id=\"panel-401-1-0-0\" class=\"so-panel widget widget_sow-editor panel-first-child panel-last-child\" data-index=\"1\" ><div\n\t\t\t\n\t\t\tclass=\"so-widget-sow-editor so-widget-sow-editor-base\"\n\t\t\t\n\t\t>\n<div class=\"siteorigin-widget-tinymce textwidget\">\n\t<p><img loading=\"lazy\" decoding=\"async\" class=\"alignnone wp-image-402\" src=\"https:\/\/gerhard-euler.de\/wp-content\/uploads\/2019\/11\/Kunstwerke_der_Alte-300x80.jpg\" alt=\"\" width=\"414\" height=\"110\" srcset=\"https:\/\/gerhard-euler.de\/wp-content\/uploads\/2019\/11\/Kunstwerke_der_Alte-300x80.jpg 300w, https:\/\/gerhard-euler.de\/wp-content\/uploads\/2019\/11\/Kunstwerke_der_Alte-1024x272.jpg 1024w, https:\/\/gerhard-euler.de\/wp-content\/uploads\/2019\/11\/Kunstwerke_der_Alte-768x204.jpg 768w, https:\/\/gerhard-euler.de\/wp-content\/uploads\/2019\/11\/Kunstwerke_der_Alte-150x40.jpg 150w, https:\/\/gerhard-euler.de\/wp-content\/uploads\/2019\/11\/Kunstwerke_der_Alte-250x66.jpg 250w, https:\/\/gerhard-euler.de\/wp-content\/uploads\/2019\/11\/Kunstwerke_der_Alte.jpg 1396w\" sizes=\"auto, (max-width: 414px) 100vw, 414px\" \/><\/p>\n<p>Der Eichenbalken der Skulptur \u201eDer Alte vom R\u00f6sberg\u201c stammt von einem vor ca. 60 Jahren Haus in der Gro\u00dfalmeroder Stra\u00dfe in Rommerode welches umgebaut wurde. Das Haus stand \u00fcber 100 Jahre und seine Balken wurden auf dem R\u00f6s\u00adberg f\u00fcr ein Wochenend - H\u00e4uschen wiederverwendet.<br \/>\nAber auch diese H\u00fctte wurde irgendwann wieder abgerissen und das Material blieb vor Ort liegen.<br \/>\nNachdem alles verfaulte Holz entfernt, die Figur herausgeschnitzt und -gebeitelt, alles m\u00fchsam und zeitaufw\u00e4ndig poliert wurde, be\u00adgr\u00fc\u00dft \u201eder Alte\u201c nun Besucher im Eingangsbereich des Hauses von Gerhard Euler.<br \/>\nWenn man \u201edem Alten\u201c begegnet, m\u00f6chte man ihn einfach anfassen!<\/p>\n<p>&nbsp;<\/p>\n<p><em>Gerhard Euler 2015<\/em><\/p>\n<p>&nbsp;<\/p>\n<p>&nbsp;<\/p>\n<a href=\"https:\/\/gerhard-euler.de\/?page_id=395\" class=\"small radius otw-button\" style=\"background-color: #f0ecec; color: #555555 !important;\">weiter<\/a>\n<\/div>\n<\/div><\/div><\/div><div id=\"pgc-401-1-1\"  class=\"panel-grid-cell\" ><div id=\"panel-401-1-1-0\" class=\"so-panel widget widget_media_image panel-first-child panel-last-child\" data-index=\"2\" ><img loading=\"lazy\" decoding=\"async\" width=\"369\" height=\"800\" src=\"https:\/\/gerhard-euler.de\/wp-content\/uploads\/2019\/11\/Kunstwerke_der_Alte_Bild-473x1024.jpg\" class=\"image wp-image-404  attachment-369x800 size-369x800\" alt=\"\" style=\"max-width: 100%; height: auto;\" srcset=\"https:\/\/gerhard-euler.de\/wp-content\/uploads\/2019\/11\/Kunstwerke_der_Alte_Bild-473x1024.jpg 473w, https:\/\/gerhard-euler.de\/wp-content\/uploads\/2019\/11\/Kunstwerke_der_Alte_Bild-139x300.jpg 139w, https:\/\/gerhard-euler.de\/wp-content\/uploads\/2019\/11\/Kunstwerke_der_Alte_Bild-768x1663.jpg 768w, https:\/\/gerhard-euler.de\/wp-content\/uploads\/2019\/11\/Kunstwerke_der_Alte_Bild-709x1536.jpg 709w, https:\/\/gerhard-euler.de\/wp-content\/uploads\/2019\/11\/Kunstwerke_der_Alte_Bild-69x150.jpg 69w, https:\/\/gerhard-euler.de\/wp-content\/uploads\/2019\/11\/Kunstwerke_der_Alte_Bild.jpg 896w\" sizes=\"auto, (max-width: 369px) 100vw, 369px\" \/><\/div><\/div><\/div><\/div>","protected":false},"excerpt":{"rendered":"<p>Der Eichenbalken der Skulptur \u201eDer Alte vom R\u00f6sberg\u201c stammt von einem vor ca. 60 Jahren Haus in der Gro\u00dfalmeroder Stra\u00dfe in Rommerode welches umgebaut wurde. Das Haus stand \u00fcber 100 Jahre und seine Balken wurden auf dem R\u00f6s\u00adberg f\u00fcr ein Wochenend &#8211; H\u00e4uschen wiederverwendet. Aber auch diese H\u00fctte wurde irgendwann&#8230; <a class=\"continue-reading-link\" href=\"https:\/\/gerhard-euler.de\/?page_id=401\">weiter <span class=\"meta-nav\">&rarr; <\/span><\/a><\/p>\n","protected":false},"author":1,"featured_media":0,"parent":0,"menu_order":0,"comment_status":"closed","ping_status":"closed","template":"templates\/template-onecolumn.php","meta":{"footnotes":""},"class_list":["post-401","page","type-page","status-publish","hentry"],"_links":{"self":[{"href":"https:\/\/gerhard-euler.de\/index.php?rest_route=\/wp\/v2\/pages\/401","targetHints":{"allow":["GET"]}}],"collection":[{"href":"https:\/\/gerhard-euler.de\/index.php?rest_route=\/wp\/v2\/pages"}],"about":[{"href":"https:\/\/gerhard-euler.de\/index.php?rest_route=\/wp\/v2\/types\/page"}],"author":[{"embeddable":true,"href":"https:\/\/gerhard-euler.de\/index.php?rest_route=\/wp\/v2\/users\/1"}],"replies":[{"embeddable":true,"href":"https:\/\/gerhard-euler.de\/index.php?rest_route=%2Fwp%2Fv2%2Fcomments&post=401"}],"version-history":[{"count":8,"href":"https:\/\/gerhard-euler.de\/index.php?rest_route=\/wp\/v2\/pages\/401\/revisions"}],"predecessor-version":[{"id":611,"href":"https:\/\/gerhard-euler.de\/index.php?rest_route=\/wp\/v2\/pages\/401\/revisions\/611"}],"wp:attachment":[{"href":"https:\/\/gerhard-euler.de\/index.php?rest_route=%2Fwp%2Fv2%2Fmedia&parent=401"}],"curies":[{"name":"wp","href":"https:\/\/api.w.org\/{rel}","templated":true}]}}