{"id":407,"date":"2019-11-20T00:17:26","date_gmt":"2019-11-20T00:17:26","guid":{"rendered":"http:\/\/gerhard-euler.de\/?page_id=407"},"modified":"2019-12-22T17:12:46","modified_gmt":"2019-12-22T17:12:46","slug":"fang","status":"publish","type":"page","link":"https:\/\/gerhard-euler.de\/?page_id=407","title":{"rendered":"Fang"},"content":{"rendered":"<div id=\"pl-407\"  class=\"panel-layout\" ><div id=\"pg-407-0\"  class=\"panel-grid panel-no-style\" ><div id=\"pgc-407-0-0\"  class=\"panel-grid-cell\" ><div id=\"panel-407-0-0-0\" class=\"widget_text so-panel widget widget_custom_html panel-first-child panel-last-child\" data-index=\"0\" ><div class=\"textwidget custom-html-widget\"><hr\/><\/div><\/div><\/div><\/div><div id=\"pg-407-1\"  class=\"panel-grid panel-no-style\" ><div id=\"pgc-407-1-0\"  class=\"panel-grid-cell\" ><div id=\"panel-407-1-0-0\" class=\"so-panel widget widget_sow-editor panel-first-child panel-last-child\" data-index=\"1\" ><div\n\t\t\t\n\t\t\tclass=\"so-widget-sow-editor so-widget-sow-editor-base\"\n\t\t\t\n\t\t>\n<div class=\"siteorigin-widget-tinymce textwidget\">\n\t<p><img loading=\"lazy\" decoding=\"async\" class=\"alignnone wp-image-408\" src=\"https:\/\/gerhard-euler.de\/wp-content\/uploads\/2019\/11\/Kunsterke_Fang-300x86.jpg\" alt=\"\" width=\"384\" height=\"110\" srcset=\"https:\/\/gerhard-euler.de\/wp-content\/uploads\/2019\/11\/Kunsterke_Fang-300x86.jpg 300w, https:\/\/gerhard-euler.de\/wp-content\/uploads\/2019\/11\/Kunsterke_Fang-1024x294.jpg 1024w, https:\/\/gerhard-euler.de\/wp-content\/uploads\/2019\/11\/Kunsterke_Fang-768x220.jpg 768w, https:\/\/gerhard-euler.de\/wp-content\/uploads\/2019\/11\/Kunsterke_Fang-150x43.jpg 150w, https:\/\/gerhard-euler.de\/wp-content\/uploads\/2019\/11\/Kunsterke_Fang-250x72.jpg 250w, https:\/\/gerhard-euler.de\/wp-content\/uploads\/2019\/11\/Kunsterke_Fang.jpg 1294w\" sizes=\"auto, (max-width: 384px) 100vw, 384px\" \/><\/p>\n<p>Interpretation einer Bildhauerei aus Gabun (19. Jhdt.).<br \/>\nDas Original ist im V\u00f6lkerkundemuseum in Berlin ausgestellt.<br \/>\nDieses strenge Portrait mit seinem wie nach innen gerichtetem Blick ist ein w\u00fcrdiges Abbild f\u00fcr die Seele eines bedeutenen Vorfahren.<\/p>\n<p>&nbsp;<\/p>\n<p><em>Gerhard Euler 2015<\/em><\/p>\n<p>&nbsp;<\/p>\n<a href=\"https:\/\/gerhard-euler.de\/?page_id=389\" class=\"small radius otw-button\" style=\"background-color: #f0ecec; color: #555555 !important;\">zur\u00fcck<\/a>\n<a href=\"https:\/\/gerhard-euler.de\/?page_id=417\" class=\"small radius otw-button\" style=\"background-color: #f0ecec; color: #555555 !important;\">weiter<\/a>\n<\/div>\n<\/div><\/div><\/div><div id=\"pgc-407-1-1\"  class=\"panel-grid-cell\" ><div id=\"panel-407-1-1-0\" class=\"so-panel widget widget_media_image panel-first-child panel-last-child\" data-index=\"2\" ><img loading=\"lazy\" decoding=\"async\" width=\"326\" height=\"700\" src=\"https:\/\/gerhard-euler.de\/wp-content\/uploads\/2019\/11\/Kunstwerke_Fang_Bild-477x1024.jpg\" class=\"image wp-image-410  attachment-326x700 size-326x700\" alt=\"\" style=\"max-width: 100%; height: auto;\" srcset=\"https:\/\/gerhard-euler.de\/wp-content\/uploads\/2019\/11\/Kunstwerke_Fang_Bild-477x1024.jpg 477w, https:\/\/gerhard-euler.de\/wp-content\/uploads\/2019\/11\/Kunstwerke_Fang_Bild-140x300.jpg 140w, https:\/\/gerhard-euler.de\/wp-content\/uploads\/2019\/11\/Kunstwerke_Fang_Bild-715x1536.jpg 715w, https:\/\/gerhard-euler.de\/wp-content\/uploads\/2019\/11\/Kunstwerke_Fang_Bild-70x150.jpg 70w, https:\/\/gerhard-euler.de\/wp-content\/uploads\/2019\/11\/Kunstwerke_Fang_Bild.jpg 758w\" sizes=\"auto, (max-width: 326px) 100vw, 326px\" \/><\/div><\/div><\/div><\/div>","protected":false},"excerpt":{"rendered":"<p>Interpretation einer Bildhauerei aus Gabun (19. Jhdt.). Das Original ist im V\u00f6lkerkundemuseum in Berlin ausgestellt. Dieses strenge Portrait mit seinem wie nach innen gerichtetem Blick ist ein w\u00fcrdiges Abbild f\u00fcr die Seele eines bedeutenen Vorfahren. &nbsp; Gerhard Euler 2015 &nbsp;<\/p>\n","protected":false},"author":1,"featured_media":0,"parent":0,"menu_order":0,"comment_status":"closed","ping_status":"closed","template":"templates\/template-onecolumn.php","meta":{"footnotes":""},"class_list":["post-407","page","type-page","status-publish","hentry"],"_links":{"self":[{"href":"https:\/\/gerhard-euler.de\/index.php?rest_route=\/wp\/v2\/pages\/407","targetHints":{"allow":["GET"]}}],"collection":[{"href":"https:\/\/gerhard-euler.de\/index.php?rest_route=\/wp\/v2\/pages"}],"about":[{"href":"https:\/\/gerhard-euler.de\/index.php?rest_route=\/wp\/v2\/types\/page"}],"author":[{"embeddable":true,"href":"https:\/\/gerhard-euler.de\/index.php?rest_route=\/wp\/v2\/users\/1"}],"replies":[{"embeddable":true,"href":"https:\/\/gerhard-euler.de\/index.php?rest_route=%2Fwp%2Fv2%2Fcomments&post=407"}],"version-history":[{"count":6,"href":"https:\/\/gerhard-euler.de\/index.php?rest_route=\/wp\/v2\/pages\/407\/revisions"}],"predecessor-version":[{"id":623,"href":"https:\/\/gerhard-euler.de\/index.php?rest_route=\/wp\/v2\/pages\/407\/revisions\/623"}],"wp:attachment":[{"href":"https:\/\/gerhard-euler.de\/index.php?rest_route=%2Fwp%2Fv2%2Fmedia&parent=407"}],"curies":[{"name":"wp","href":"https:\/\/api.w.org\/{rel}","templated":true}]}}