{"id":417,"date":"2019-11-20T00:44:46","date_gmt":"2019-11-20T00:44:46","guid":{"rendered":"http:\/\/gerhard-euler.de\/?page_id=417"},"modified":"2019-12-22T17:08:01","modified_gmt":"2019-12-22T17:08:01","slug":"perspektive","status":"publish","type":"page","link":"https:\/\/gerhard-euler.de\/?page_id=417","title":{"rendered":"Perspektive"},"content":{"rendered":"<div id=\"pl-417\"  class=\"panel-layout\" ><div id=\"pg-417-0\"  class=\"panel-grid panel-no-style\" ><div id=\"pgc-417-0-0\"  class=\"panel-grid-cell\" ><div id=\"panel-417-0-0-0\" class=\"widget_text so-panel widget widget_custom_html panel-first-child panel-last-child\" data-index=\"0\" ><div class=\"textwidget custom-html-widget\"><hr\/><\/div><\/div><\/div><\/div><div id=\"pg-417-1\"  class=\"panel-grid panel-no-style\" ><div id=\"pgc-417-1-0\"  class=\"panel-grid-cell\" ><div id=\"panel-417-1-0-0\" class=\"so-panel widget widget_sow-editor panel-first-child panel-last-child\" data-index=\"1\" ><div\n\t\t\t\n\t\t\tclass=\"so-widget-sow-editor so-widget-sow-editor-base\"\n\t\t\t\n\t\t>\n<div class=\"siteorigin-widget-tinymce textwidget\">\n\t<p><img loading=\"lazy\" decoding=\"async\" class=\"alignnone wp-image-418\" src=\"https:\/\/gerhard-euler.de\/wp-content\/uploads\/2019\/11\/Kunstwerke_Perspektive-300x98.jpg\" alt=\"\" width=\"335\" height=\"110\" srcset=\"https:\/\/gerhard-euler.de\/wp-content\/uploads\/2019\/11\/Kunstwerke_Perspektive-300x98.jpg 300w, https:\/\/gerhard-euler.de\/wp-content\/uploads\/2019\/11\/Kunstwerke_Perspektive-1024x336.jpg 1024w, https:\/\/gerhard-euler.de\/wp-content\/uploads\/2019\/11\/Kunstwerke_Perspektive-768x252.jpg 768w, https:\/\/gerhard-euler.de\/wp-content\/uploads\/2019\/11\/Kunstwerke_Perspektive-150x49.jpg 150w, https:\/\/gerhard-euler.de\/wp-content\/uploads\/2019\/11\/Kunstwerke_Perspektive-250x82.jpg 250w, https:\/\/gerhard-euler.de\/wp-content\/uploads\/2019\/11\/Kunstwerke_Perspektive.jpg 1149w\" sizes=\"auto, (max-width: 335px) 100vw, 335px\" \/><\/p>\n<p>Diese Skulptur aus wei\u00dfem Laaser Marmor (Vinschgau, S\u00fcdtirol) fasziniert beim betrachten: je nachdem, welche Perspektive man einnimmt, ver\u00e4ndern sich die Gesichtsz\u00fcge.<br \/>\nHier wird mit Licht und Schatten gespielt; jede kleine Ver\u00e4nderung des Betrachtungswinkels ver\u00e4ndert auch das Gesicht des Kunstwerkes.<br \/>\nEs wird regelrecht lebendig.<\/p>\n<p>&nbsp;<\/p>\n<p><em>Gerhard Euler 2018<\/em><\/p>\n<p>&nbsp;<\/p>\n<p>&nbsp;<\/p>\n<a href=\"https:\/\/gerhard-euler.de\/?page_id=407\" class=\"small radius otw-button\" style=\"background-color: #f0ecec; color: #555555 !important;\">zur\u00fcck<\/a>\n<a href=\"https:\/\/gerhard-euler.de\/?page_id=429\" class=\"small radius otw-button\" style=\"background-color: #f0ecec; color: #555555 !important;\">weiter<\/a>\n<\/div>\n<\/div><\/div><\/div><div id=\"pgc-417-1-1\"  class=\"panel-grid-cell\" ><div id=\"panel-417-1-1-0\" class=\"so-panel widget widget_media_image panel-first-child panel-last-child\" data-index=\"2\" ><img loading=\"lazy\" decoding=\"async\" width=\"470\" height=\"800\" src=\"https:\/\/gerhard-euler.de\/wp-content\/uploads\/2019\/11\/Kunstwerke_perspektive_Bild-602x1024.jpg\" class=\"image wp-image-420  attachment-470x800 size-470x800\" alt=\"\" style=\"max-width: 100%; height: auto;\" srcset=\"https:\/\/gerhard-euler.de\/wp-content\/uploads\/2019\/11\/Kunstwerke_perspektive_Bild-602x1024.jpg 602w, https:\/\/gerhard-euler.de\/wp-content\/uploads\/2019\/11\/Kunstwerke_perspektive_Bild-176x300.jpg 176w, https:\/\/gerhard-euler.de\/wp-content\/uploads\/2019\/11\/Kunstwerke_perspektive_Bild-768x1306.jpg 768w, https:\/\/gerhard-euler.de\/wp-content\/uploads\/2019\/11\/Kunstwerke_perspektive_Bild-88x150.jpg 88w, https:\/\/gerhard-euler.de\/wp-content\/uploads\/2019\/11\/Kunstwerke_perspektive_Bild.jpg 776w\" sizes=\"auto, (max-width: 470px) 100vw, 470px\" \/><\/div><\/div><\/div><\/div>","protected":false},"excerpt":{"rendered":"<p>Diese Skulptur aus wei\u00dfem Laaser Marmor (Vinschgau, S\u00fcdtirol) fasziniert beim betrachten: je nachdem, welche Perspektive man einnimmt, ver\u00e4ndern sich die Gesichtsz\u00fcge. Hier wird mit Licht und Schatten gespielt; jede kleine Ver\u00e4nderung des Betrachtungswinkels ver\u00e4ndert auch das Gesicht des Kunstwerkes. Es wird regelrecht lebendig. &nbsp; Gerhard Euler 2018 &nbsp; &nbsp;<\/p>\n","protected":false},"author":1,"featured_media":0,"parent":0,"menu_order":0,"comment_status":"closed","ping_status":"closed","template":"templates\/template-onecolumn.php","meta":{"footnotes":""},"class_list":["post-417","page","type-page","status-publish","hentry"],"_links":{"self":[{"href":"https:\/\/gerhard-euler.de\/index.php?rest_route=\/wp\/v2\/pages\/417","targetHints":{"allow":["GET"]}}],"collection":[{"href":"https:\/\/gerhard-euler.de\/index.php?rest_route=\/wp\/v2\/pages"}],"about":[{"href":"https:\/\/gerhard-euler.de\/index.php?rest_route=\/wp\/v2\/types\/page"}],"author":[{"embeddable":true,"href":"https:\/\/gerhard-euler.de\/index.php?rest_route=\/wp\/v2\/users\/1"}],"replies":[{"embeddable":true,"href":"https:\/\/gerhard-euler.de\/index.php?rest_route=%2Fwp%2Fv2%2Fcomments&post=417"}],"version-history":[{"count":8,"href":"https:\/\/gerhard-euler.de\/index.php?rest_route=\/wp\/v2\/pages\/417\/revisions"}],"predecessor-version":[{"id":601,"href":"https:\/\/gerhard-euler.de\/index.php?rest_route=\/wp\/v2\/pages\/417\/revisions\/601"}],"wp:attachment":[{"href":"https:\/\/gerhard-euler.de\/index.php?rest_route=%2Fwp%2Fv2%2Fmedia&parent=417"}],"curies":[{"name":"wp","href":"https:\/\/api.w.org\/{rel}","templated":true}]}}