{"id":486,"date":"2019-11-21T23:20:46","date_gmt":"2019-11-21T23:20:46","guid":{"rendered":"http:\/\/gerhard-euler.de\/?page_id=486"},"modified":"2020-02-09T22:41:51","modified_gmt":"2020-02-09T22:41:51","slug":"inspiration","status":"publish","type":"page","link":"https:\/\/gerhard-euler.de\/?page_id=486","title":{"rendered":"Inspiration"},"content":{"rendered":"<div id=\"pl-486\"  class=\"panel-layout\" ><div id=\"pg-486-0\"  class=\"panel-grid panel-no-style\" ><div id=\"pgc-486-0-0\"  class=\"panel-grid-cell\" ><div id=\"panel-486-0-0-0\" class=\"widget_text so-panel widget widget_custom_html panel-first-child panel-last-child\" data-index=\"0\" ><div class=\"textwidget custom-html-widget\"><hr\/><\/div><\/div><\/div><\/div><div id=\"pg-486-1\"  class=\"panel-grid panel-no-style\" ><div id=\"pgc-486-1-0\"  class=\"panel-grid-cell\" ><div id=\"panel-486-1-0-0\" class=\"so-panel widget widget_sow-editor panel-first-child panel-last-child\" data-index=\"1\" ><div\n\t\t\t\n\t\t\tclass=\"so-widget-sow-editor so-widget-sow-editor-base\"\n\t\t\t\n\t\t>\n<div class=\"siteorigin-widget-tinymce textwidget\">\n\t<p><img loading=\"lazy\" decoding=\"async\" class=\"alignnone wp-image-626\" src=\"https:\/\/gerhard-euler.de\/wp-content\/uploads\/2020\/02\/inspiration-e1581288045217.jpg\" alt=\"\" width=\"439\" height=\"110\" \/><\/p>\n<p>Shona-Art: eine Kunst, in der die Menschen ihre Gedanken, Tr\u00e4ume und Gef\u00fchle in fig\u00fcrlicher oder abstrakter Form in Stein zum Ausdruck bringen k\u00f6nnen.<br \/>\nAngelehnt an die moderne Steinbildhauerei Zimbabwes entstand diese Arbeit.<\/p>\n<p>&nbsp;<\/p>\n<p><em>Gerhard Eule<\/em><em>r 2019<\/em><\/p>\n<p>&nbsp;<\/p>\n<p>&nbsp;<\/p>\n<a href=\"https:\/\/gerhard-euler.de\/?page_id=435\" class=\"small radius otw-button\" style=\"background-color: #f0ecec; color: #555555 !important;\">zur\u00fcck<\/a>\n<a href=\"https:\/\/gerhard-euler.de\/?page_id=494\" class=\"small radius otw-button\" style=\"background-color: #f0ecec; color: #555555 !important;\">weiter<\/a>\n<\/div>\n<\/div><\/div><\/div><div id=\"pgc-486-1-1\"  class=\"panel-grid-cell\" ><div id=\"panel-486-1-1-0\" class=\"so-panel widget widget_media_image panel-first-child panel-last-child\" data-index=\"2\" ><img loading=\"lazy\" decoding=\"async\" width=\"434\" height=\"600\" src=\"https:\/\/gerhard-euler.de\/wp-content\/uploads\/2019\/11\/Inspiration-740x1024.jpg\" class=\"image wp-image-487  attachment-434x600 size-434x600\" alt=\"\" style=\"max-width: 100%; height: auto;\" srcset=\"https:\/\/gerhard-euler.de\/wp-content\/uploads\/2019\/11\/Inspiration-740x1024.jpg 740w, https:\/\/gerhard-euler.de\/wp-content\/uploads\/2019\/11\/Inspiration-217x300.jpg 217w, https:\/\/gerhard-euler.de\/wp-content\/uploads\/2019\/11\/Inspiration-768x1063.jpg 768w, https:\/\/gerhard-euler.de\/wp-content\/uploads\/2019\/11\/Inspiration-1110x1536.jpg 1110w, https:\/\/gerhard-euler.de\/wp-content\/uploads\/2019\/11\/Inspiration-1480x2048.jpg 1480w, https:\/\/gerhard-euler.de\/wp-content\/uploads\/2019\/11\/Inspiration-108x150.jpg 108w, https:\/\/gerhard-euler.de\/wp-content\/uploads\/2019\/11\/Inspiration-scaled.jpg 1850w\" sizes=\"auto, (max-width: 434px) 100vw, 434px\" \/><\/div><\/div><\/div><\/div>","protected":false},"excerpt":{"rendered":"<p>Shona-Art: eine Kunst, in der die Menschen ihre Gedanken, Tr\u00e4ume und Gef\u00fchle in fig\u00fcrlicher oder abstrakter Form in Stein zum Ausdruck bringen k\u00f6nnen. Angelehnt an die moderne Steinbildhauerei Zimbabwes entstand diese Arbeit. &nbsp; Gerhard Euler 2019 &nbsp; &nbsp;<\/p>\n","protected":false},"author":1,"featured_media":0,"parent":0,"menu_order":0,"comment_status":"closed","ping_status":"closed","template":"templates\/template-onecolumn.php","meta":{"footnotes":""},"class_list":["post-486","page","type-page","status-publish","hentry"],"_links":{"self":[{"href":"https:\/\/gerhard-euler.de\/index.php?rest_route=\/wp\/v2\/pages\/486","targetHints":{"allow":["GET"]}}],"collection":[{"href":"https:\/\/gerhard-euler.de\/index.php?rest_route=\/wp\/v2\/pages"}],"about":[{"href":"https:\/\/gerhard-euler.de\/index.php?rest_route=\/wp\/v2\/types\/page"}],"author":[{"embeddable":true,"href":"https:\/\/gerhard-euler.de\/index.php?rest_route=\/wp\/v2\/users\/1"}],"replies":[{"embeddable":true,"href":"https:\/\/gerhard-euler.de\/index.php?rest_route=%2Fwp%2Fv2%2Fcomments&post=486"}],"version-history":[{"count":20,"href":"https:\/\/gerhard-euler.de\/index.php?rest_route=\/wp\/v2\/pages\/486\/revisions"}],"predecessor-version":[{"id":632,"href":"https:\/\/gerhard-euler.de\/index.php?rest_route=\/wp\/v2\/pages\/486\/revisions\/632"}],"wp:attachment":[{"href":"https:\/\/gerhard-euler.de\/index.php?rest_route=%2Fwp%2Fv2%2Fmedia&parent=486"}],"curies":[{"name":"wp","href":"https:\/\/api.w.org\/{rel}","templated":true}]}}