{"id":494,"date":"2019-11-21T23:26:33","date_gmt":"2019-11-21T23:26:33","guid":{"rendered":"http:\/\/gerhard-euler.de\/?page_id=494"},"modified":"2019-12-22T17:09:37","modified_gmt":"2019-12-22T17:09:37","slug":"schwingungen","status":"publish","type":"page","link":"https:\/\/gerhard-euler.de\/?page_id=494","title":{"rendered":"Schwingungen"},"content":{"rendered":"<div id=\"pl-494\"  class=\"panel-layout\" ><div id=\"pg-494-0\"  class=\"panel-grid panel-no-style\" ><div id=\"pgc-494-0-0\"  class=\"panel-grid-cell\" ><div id=\"panel-494-0-0-0\" class=\"widget_text so-panel widget widget_custom_html panel-first-child panel-last-child\" data-index=\"0\" ><div class=\"textwidget custom-html-widget\"><hr\/><\/div><\/div><\/div><\/div><div id=\"pg-494-1\"  class=\"panel-grid panel-no-style\" ><div id=\"pgc-494-1-0\"  class=\"panel-grid-cell\" ><div id=\"panel-494-1-0-0\" class=\"so-panel widget widget_sow-editor panel-first-child panel-last-child\" data-index=\"1\" ><div\n\t\t\t\n\t\t\tclass=\"so-widget-sow-editor so-widget-sow-editor-base\"\n\t\t\t\n\t\t>\n<div class=\"siteorigin-widget-tinymce textwidget\">\n\t<p><img loading=\"lazy\" decoding=\"async\" class=\"alignnone wp-image-495\" src=\"http:\/\/gerhard-euler.de\/wp-content\/uploads\/2019\/11\/Schwingungen-300x123.jpg\" alt=\"\" width=\"269\" height=\"110\" srcset=\"https:\/\/gerhard-euler.de\/wp-content\/uploads\/2019\/11\/Schwingungen-300x123.jpg 300w, https:\/\/gerhard-euler.de\/wp-content\/uploads\/2019\/11\/Schwingungen-768x314.jpg 768w, https:\/\/gerhard-euler.de\/wp-content\/uploads\/2019\/11\/Schwingungen-150x61.jpg 150w, https:\/\/gerhard-euler.de\/wp-content\/uploads\/2019\/11\/Schwingungen-250x102.jpg 250w, https:\/\/gerhard-euler.de\/wp-content\/uploads\/2019\/11\/Schwingungen.jpg 921w\" sizes=\"auto, (max-width: 269px) 100vw, 269px\" \/><\/p>\n<p>Festgehaltene und in Stein gemei\u00dfelte Gef\u00fchle, Ger\u00e4usche, Bewegungen.<br \/>\nRegelrecht \u201eeingefroren\u201c aber dennoch lebendig.<\/p>\n<p>&nbsp;<\/p>\n<p><em>Gerhard Euler 2019<\/em><\/p>\n<p>&nbsp;<\/p>\n<p>&nbsp;<\/p>\n<a href=\"https:\/\/gerhard-euler.de\/?page_id=486\" class=\"small radius otw-button\" style=\"background-color: #f0ecec; color: #555555 !important;\">zur\u00fcck<\/a>\n<a href=\"https:\/\/gerhard-euler.de\/?page_id=414\" class=\"small radius otw-button\" style=\"background-color: #f0ecec; color: #555555 !important;\">weiter<\/a>\n<\/div>\n<\/div><\/div><\/div><div id=\"pgc-494-1-1\"  class=\"panel-grid-cell\" ><div id=\"panel-494-1-1-0\" class=\"so-panel widget widget_media_image panel-first-child panel-last-child\" data-index=\"2\" ><img loading=\"lazy\" decoding=\"async\" width=\"386\" height=\"700\" src=\"https:\/\/gerhard-euler.de\/wp-content\/uploads\/2019\/11\/Schwingungen_Bild-564x1024.jpg\" class=\"image wp-image-497  attachment-386x700 size-386x700\" alt=\"\" style=\"max-width: 100%; height: auto;\" srcset=\"https:\/\/gerhard-euler.de\/wp-content\/uploads\/2019\/11\/Schwingungen_Bild-564x1024.jpg 564w, https:\/\/gerhard-euler.de\/wp-content\/uploads\/2019\/11\/Schwingungen_Bild-165x300.jpg 165w, https:\/\/gerhard-euler.de\/wp-content\/uploads\/2019\/11\/Schwingungen_Bild-83x150.jpg 83w, https:\/\/gerhard-euler.de\/wp-content\/uploads\/2019\/11\/Schwingungen_Bild.jpg 736w\" sizes=\"auto, (max-width: 386px) 100vw, 386px\" \/><\/div><\/div><\/div><\/div>","protected":false},"excerpt":{"rendered":"<p>Festgehaltene und in Stein gemei\u00dfelte Gef\u00fchle, Ger\u00e4usche, Bewegungen. Regelrecht \u201eeingefroren\u201c aber dennoch lebendig. &nbsp; Gerhard Euler 2019 &nbsp; &nbsp;<\/p>\n","protected":false},"author":1,"featured_media":0,"parent":0,"menu_order":0,"comment_status":"closed","ping_status":"closed","template":"templates\/template-onecolumn.php","meta":{"footnotes":""},"class_list":["post-494","page","type-page","status-publish","hentry"],"_links":{"self":[{"href":"https:\/\/gerhard-euler.de\/index.php?rest_route=\/wp\/v2\/pages\/494","targetHints":{"allow":["GET"]}}],"collection":[{"href":"https:\/\/gerhard-euler.de\/index.php?rest_route=\/wp\/v2\/pages"}],"about":[{"href":"https:\/\/gerhard-euler.de\/index.php?rest_route=\/wp\/v2\/types\/page"}],"author":[{"embeddable":true,"href":"https:\/\/gerhard-euler.de\/index.php?rest_route=\/wp\/v2\/users\/1"}],"replies":[{"embeddable":true,"href":"https:\/\/gerhard-euler.de\/index.php?rest_route=%2Fwp%2Fv2%2Fcomments&post=494"}],"version-history":[{"count":10,"href":"https:\/\/gerhard-euler.de\/index.php?rest_route=\/wp\/v2\/pages\/494\/revisions"}],"predecessor-version":[{"id":609,"href":"https:\/\/gerhard-euler.de\/index.php?rest_route=\/wp\/v2\/pages\/494\/revisions\/609"}],"wp:attachment":[{"href":"https:\/\/gerhard-euler.de\/index.php?rest_route=%2Fwp%2Fv2%2Fmedia&parent=494"}],"curies":[{"name":"wp","href":"https:\/\/api.w.org\/{rel}","templated":true}]}}